{"id":1657,"date":"2023-04-07T10:42:08","date_gmt":"2023-04-07T08:42:08","guid":{"rendered":"https:\/\/itsgroup.rs\/?page_id=1657"},"modified":"2023-04-15T18:14:19","modified_gmt":"2023-04-15T16:14:19","slug":"services","status":"publish","type":"page","link":"https:\/\/itsgroup.rs\/en\/services\/","title":{"rendered":"Service"},"content":{"rendered":"<div data-elementor-type=\"wp-page\" data-elementor-id=\"1657\" class=\"elementor elementor-1657\">\n\t\t\t\t\t\t\t\t\t<section class=\"elementor-section elementor-top-section elementor-element elementor-element-ba2a8e6 elementor-section-boxed elementor-section-height-default elementor-section-height-default\" data-id=\"ba2a8e6\" data-element_type=\"section\">\n\t\t\t\t\t\t<div class=\"elementor-container elementor-column-gap-default\">\n\t\t\t\t\t<div class=\"elementor-column elementor-col-100 elementor-top-column elementor-element elementor-element-38f6383\" data-id=\"38f6383\" data-element_type=\"column\">\n\t\t\t<div class=\"elementor-widget-wrap elementor-element-populated\">\n\t\t\t\t\t\t\t\t<div class=\"elementor-element elementor-element-02a35e7 page-title-common elementor-widget elementor-widget-heading\" data-id=\"02a35e7\" data-element_type=\"widget\" data-widget_type=\"heading.default\">\n\t\t\t\t<div class=\"elementor-widget-container\">\n\t\t\t<style>\/*! elementor - v3.14.0 - 18-06-2023 *\/\n.elementor-heading-title{padding:0;margin:0;line-height:1}.elementor-widget-heading .elementor-heading-title[class*=elementor-size-]>a{color:inherit;font-size:inherit;line-height:inherit}.elementor-widget-heading .elementor-heading-title.elementor-size-small{font-size:15px}.elementor-widget-heading .elementor-heading-title.elementor-size-medium{font-size:19px}.elementor-widget-heading .elementor-heading-title.elementor-size-large{font-size:29px}.elementor-widget-heading .elementor-heading-title.elementor-size-xl{font-size:39px}.elementor-widget-heading .elementor-heading-title.elementor-size-xxl{font-size:59px}<\/style><h3 class=\"elementor-heading-title elementor-size-default\">Service<\/h3>\t\t<\/div>\n\t\t\t\t<\/div>\n\t\t\t\t<section class=\"elementor-section elementor-inner-section elementor-element elementor-element-475d8ca elementor-section-boxed elementor-section-height-default elementor-section-height-default\" data-id=\"475d8ca\" data-element_type=\"section\">\n\t\t\t\t\t\t<div class=\"elementor-container elementor-column-gap-default\">\n\t\t\t\t\t<div class=\"elementor-column elementor-col-50 elementor-inner-column elementor-element elementor-element-6187a92\" data-id=\"6187a92\" data-element_type=\"column\">\n\t\t\t<div class=\"elementor-widget-wrap elementor-element-populated\">\n\t\t\t\t\t\t\t\t<div class=\"elementor-element elementor-element-859d89d elementor-widget elementor-widget-image\" data-id=\"859d89d\" data-element_type=\"widget\" data-widget_type=\"image.default\">\n\t\t\t\t<div class=\"elementor-widget-container\">\n\t\t\t<style>\/*! elementor - v3.14.0 - 18-06-2023 *\/\n.elementor-widget-image{text-align:center}.elementor-widget-image a{display:inline-block}.elementor-widget-image a img[src$=\".svg\"]{width:48px}.elementor-widget-image img{vertical-align:middle;display:inline-block}<\/style>\t\t\t\t\t\t\t\t\t\t\t\t<img loading=\"lazy\" decoding=\"async\" width=\"562\" height=\"334\" src=\"https:\/\/itsgroup.rs\/wp-content\/uploads\/2023\/04\/service.png\" class=\"attachment-large size-large wp-image-2081\" alt=\"\" srcset=\"https:\/\/itsgroup.rs\/wp-content\/uploads\/2023\/04\/service.png 562w, https:\/\/itsgroup.rs\/wp-content\/uploads\/2023\/04\/service-300x178.png 300w, https:\/\/itsgroup.rs\/wp-content\/uploads\/2023\/04\/service-269x160.png 269w\" sizes=\"auto, (max-width: 562px) 100vw, 562px\" \/>\t\t\t\t\t\t\t\t\t\t\t\t\t\t\t<\/div>\n\t\t\t\t<\/div>\n\t\t\t\t\t<\/div>\n\t\t<\/div>\n\t\t\t\t<div class=\"elementor-column elementor-col-50 elementor-inner-column elementor-element elementor-element-030ca58\" data-id=\"030ca58\" data-element_type=\"column\">\n\t\t\t<div class=\"elementor-widget-wrap elementor-element-populated\">\n\t\t\t\t\t\t\t\t<div class=\"elementor-element elementor-element-0437701 elementor-widget elementor-widget-text-editor\" data-id=\"0437701\" data-element_type=\"widget\" data-widget_type=\"text-editor.default\">\n\t\t\t\t<div class=\"elementor-widget-container\">\n\t\t\t<style>\/*! elementor - v3.14.0 - 18-06-2023 *\/\n.elementor-widget-text-editor.elementor-drop-cap-view-stacked .elementor-drop-cap{background-color:#69727d;color:#fff}.elementor-widget-text-editor.elementor-drop-cap-view-framed .elementor-drop-cap{color:#69727d;border:3px solid;background-color:transparent}.elementor-widget-text-editor:not(.elementor-drop-cap-view-default) .elementor-drop-cap{margin-top:8px}.elementor-widget-text-editor:not(.elementor-drop-cap-view-default) .elementor-drop-cap-letter{width:1em;height:1em}.elementor-widget-text-editor .elementor-drop-cap{float:left;text-align:center;line-height:1;font-size:50px}.elementor-widget-text-editor .elementor-drop-cap-letter{display:inline-block}<\/style>\t\t\t\t<span>If you own a conveyor, no matter how old or who made it, we have the expertise to overhaul it. We are often able to provide solutions over the phone that do not require a service call. If not, our people can usually be dispatched within 24 hours for emergency services.<\/span>\t\t\t\t\t\t<\/div>\n\t\t\t\t<\/div>\n\t\t\t\t\t<\/div>\n\t\t<\/div>\n\t\t\t\t\t\t\t<\/div>\n\t\t<\/section>\n\t\t\t\t\t<\/div>\n\t\t<\/div>\n\t\t\t\t\t\t\t<\/div>\n\t\t<\/section>\n\t\t\t\t\t\t\t<\/div>","protected":false},"excerpt":{"rendered":"<p>Servis Ako posedujete transporter, bez obzira koliko star ili ko ga je napravio, mi imamo stru\u010dnost da ga remontujemo. \u010cesto smo u moguc\u0301nosti da telefonom obezbedimo re\u0161enja koja ne zahtevaju poziv servisa. Ako ne, na\u0161i ljudi obi\u010dno mogu da budu poslati u roku od 24 sata na rad hitne slu\u017ebe.<\/p>","protected":false},"author":1,"featured_media":0,"parent":0,"menu_order":0,"comment_status":"closed","ping_status":"closed","template":"","meta":{"footnotes":""},"class_list":["post-1657","page","type-page","status-publish","hentry"],"blocksy_meta":"","yoast_head":"<!-- This site is optimized with the Yoast SEO plugin v20.9 - https:\/\/yoast.com\/wordpress\/plugins\/seo\/ -->\n<title>Servis - ITS Group<\/title>\n<meta name=\"robots\" content=\"index, follow, max-snippet:-1, max-image-preview:large, max-video-preview:-1\" \/>\n<link rel=\"canonical\" href=\"https:\/\/itsgroup.rs\/en\/services\/\" \/>\n<meta property=\"og:locale\" content=\"en_US\" \/>\n<meta property=\"og:type\" content=\"article\" \/>\n<meta property=\"og:title\" content=\"Servis - ITS Group\" \/>\n<meta property=\"og:description\" content=\"Servis Ako posedujete transporter, bez obzira koliko star ili ko ga je napravio, mi imamo stru\u010dnost da ga remontujemo. \u010cesto smo u moguc\u0301nosti da telefonom obezbedimo re\u0161enja koja ne zahtevaju poziv servisa. Ako ne, na\u0161i ljudi obi\u010dno mogu da budu poslati u roku od 24 sata na rad hitne slu\u017ebe.\" \/>\n<meta property=\"og:url\" content=\"https:\/\/itsgroup.rs\/en\/services\/\" \/>\n<meta property=\"og:site_name\" content=\"ITS Group\" \/>\n<meta property=\"article:modified_time\" content=\"2023-04-15T16:14:19+00:00\" \/>\n<meta property=\"og:image\" content=\"https:\/\/itsgroup.rs\/wp-content\/uploads\/2023\/04\/service.png\" \/>\n<meta name=\"twitter:card\" content=\"summary_large_image\" \/>\n<script type=\"application\/ld+json\" class=\"yoast-schema-graph\">{\"@context\":\"https:\/\/schema.org\",\"@graph\":[{\"@type\":\"WebPage\",\"@id\":\"https:\/\/itsgroup.rs\/services\/\",\"url\":\"https:\/\/itsgroup.rs\/services\/\",\"name\":\"Servis - ITS Group\",\"isPartOf\":{\"@id\":\"https:\/\/itsgroup.rs\/#website\"},\"datePublished\":\"2023-04-07T08:42:08+00:00\",\"dateModified\":\"2023-04-15T16:14:19+00:00\",\"breadcrumb\":{\"@id\":\"https:\/\/itsgroup.rs\/services\/#breadcrumb\"},\"inLanguage\":\"en-US\",\"potentialAction\":[{\"@type\":\"ReadAction\",\"target\":[\"https:\/\/itsgroup.rs\/services\/\"]}]},{\"@type\":\"BreadcrumbList\",\"@id\":\"https:\/\/itsgroup.rs\/services\/#breadcrumb\",\"itemListElement\":[{\"@type\":\"ListItem\",\"position\":1,\"name\":\"Home\",\"item\":\"https:\/\/itsgroup.rs\/\"},{\"@type\":\"ListItem\",\"position\":2,\"name\":\"Servis\"}]},{\"@type\":\"WebSite\",\"@id\":\"https:\/\/itsgroup.rs\/#website\",\"url\":\"https:\/\/itsgroup.rs\/\",\"name\":\"ITS Group\",\"description\":\"Internal transport systems\",\"publisher\":{\"@id\":\"https:\/\/itsgroup.rs\/#organization\"},\"alternateName\":\"ITS Group\",\"potentialAction\":[{\"@type\":\"SearchAction\",\"target\":{\"@type\":\"EntryPoint\",\"urlTemplate\":\"https:\/\/itsgroup.rs\/?s={search_term_string}\"},\"query-input\":\"required name=search_term_string\"}],\"inLanguage\":\"en-US\"},{\"@type\":\"Organization\",\"@id\":\"https:\/\/itsgroup.rs\/#organization\",\"name\":\"ITS Group\",\"url\":\"https:\/\/itsgroup.rs\/\",\"logo\":{\"@type\":\"ImageObject\",\"inLanguage\":\"en-US\",\"@id\":\"https:\/\/itsgroup.rs\/#\/schema\/logo\/image\/\",\"url\":\"https:\/\/itsgroup.rs\/wp-content\/uploads\/2023\/04\/logo-small.webp\",\"contentUrl\":\"https:\/\/itsgroup.rs\/wp-content\/uploads\/2023\/04\/logo-small.webp\",\"width\":311,\"height\":158,\"caption\":\"ITS Group\"},\"image\":{\"@id\":\"https:\/\/itsgroup.rs\/#\/schema\/logo\/image\/\"},\"sameAs\":[\"https:\/\/www.instagram.com\/itsgroup.rs\/\",\"https:\/\/www.youtube.com\/@ITSgroupsrbija\/featured\"]}]}<\/script>\n<!-- \/ Yoast SEO plugin. -->","yoast_head_json":{"title":"Servis - ITS Group","robots":{"index":"index","follow":"follow","max-snippet":"max-snippet:-1","max-image-preview":"max-image-preview:large","max-video-preview":"max-video-preview:-1"},"canonical":"https:\/\/itsgroup.rs\/en\/services\/","og_locale":"en_US","og_type":"article","og_title":"Servis - ITS Group","og_description":"Servis Ako posedujete transporter, bez obzira koliko star ili ko ga je napravio, mi imamo stru\u010dnost da ga remontujemo. \u010cesto smo u moguc\u0301nosti da telefonom obezbedimo re\u0161enja koja ne zahtevaju poziv servisa. Ako ne, na\u0161i ljudi obi\u010dno mogu da budu poslati u roku od 24 sata na rad hitne slu\u017ebe.","og_url":"https:\/\/itsgroup.rs\/en\/services\/","og_site_name":"ITS Group","article_modified_time":"2023-04-15T16:14:19+00:00","og_image":[{"url":"https:\/\/itsgroup.rs\/wp-content\/uploads\/2023\/04\/service.png"}],"twitter_card":"summary_large_image","schema":{"@context":"https:\/\/schema.org","@graph":[{"@type":"WebPage","@id":"https:\/\/itsgroup.rs\/services\/","url":"https:\/\/itsgroup.rs\/services\/","name":"Servis - ITS Group","isPartOf":{"@id":"https:\/\/itsgroup.rs\/#website"},"datePublished":"2023-04-07T08:42:08+00:00","dateModified":"2023-04-15T16:14:19+00:00","breadcrumb":{"@id":"https:\/\/itsgroup.rs\/services\/#breadcrumb"},"inLanguage":"en-US","potentialAction":[{"@type":"ReadAction","target":["https:\/\/itsgroup.rs\/services\/"]}]},{"@type":"BreadcrumbList","@id":"https:\/\/itsgroup.rs\/services\/#breadcrumb","itemListElement":[{"@type":"ListItem","position":1,"name":"Home","item":"https:\/\/itsgroup.rs\/"},{"@type":"ListItem","position":2,"name":"Servis"}]},{"@type":"WebSite","@id":"https:\/\/itsgroup.rs\/#website","url":"https:\/\/itsgroup.rs\/","name":"ITS Group","description":"Internal transport systems","publisher":{"@id":"https:\/\/itsgroup.rs\/#organization"},"alternateName":"ITS Group","potentialAction":[{"@type":"SearchAction","target":{"@type":"EntryPoint","urlTemplate":"https:\/\/itsgroup.rs\/?s={search_term_string}"},"query-input":"required name=search_term_string"}],"inLanguage":"en-US"},{"@type":"Organization","@id":"https:\/\/itsgroup.rs\/#organization","name":"ITS Group","url":"https:\/\/itsgroup.rs\/","logo":{"@type":"ImageObject","inLanguage":"en-US","@id":"https:\/\/itsgroup.rs\/#\/schema\/logo\/image\/","url":"https:\/\/itsgroup.rs\/wp-content\/uploads\/2023\/04\/logo-small.webp","contentUrl":"https:\/\/itsgroup.rs\/wp-content\/uploads\/2023\/04\/logo-small.webp","width":311,"height":158,"caption":"ITS Group"},"image":{"@id":"https:\/\/itsgroup.rs\/#\/schema\/logo\/image\/"},"sameAs":["https:\/\/www.instagram.com\/itsgroup.rs\/","https:\/\/www.youtube.com\/@ITSgroupsrbija\/featured"]}]}},"_links":{"self":[{"href":"https:\/\/itsgroup.rs\/en\/wp-json\/wp\/v2\/pages\/1657","targetHints":{"allow":["GET"]}}],"collection":[{"href":"https:\/\/itsgroup.rs\/en\/wp-json\/wp\/v2\/pages"}],"about":[{"href":"https:\/\/itsgroup.rs\/en\/wp-json\/wp\/v2\/types\/page"}],"author":[{"embeddable":true,"href":"https:\/\/itsgroup.rs\/en\/wp-json\/wp\/v2\/users\/1"}],"replies":[{"embeddable":true,"href":"https:\/\/itsgroup.rs\/en\/wp-json\/wp\/v2\/comments?post=1657"}],"version-history":[{"count":0,"href":"https:\/\/itsgroup.rs\/en\/wp-json\/wp\/v2\/pages\/1657\/revisions"}],"wp:attachment":[{"href":"https:\/\/itsgroup.rs\/en\/wp-json\/wp\/v2\/media?parent=1657"}],"curies":[{"name":"wp","href":"https:\/\/api.w.org\/{rel}","templated":true}]}}